{"id":25528,"date":"2025-07-29T19:09:18","date_gmt":"2025-07-29T17:09:18","guid":{"rendered":"https:\/\/www.spd-werdohl.de\/spd\/?page_id=25528"},"modified":"2025-07-29T19:29:41","modified_gmt":"2025-07-29T17:29:41","slug":"selattin-alptekin","status":"publish","type":"page","link":"https:\/\/www.spd-werdohl.de\/spd\/partei\/selattin-alptekin\/","title":{"rendered":"Selattin Alptekin"},"content":{"rendered":"\n<div class=\"wp-block-columns is-layout-flex wp-container-core-columns-is-layout-9d6595d7 wp-block-columns-is-layout-flex\">\n<div class=\"wp-block-column is-layout-flow wp-block-column-is-layout-flow\" style=\"flex-basis:66.66%\">\n<p>Ich bin Selattin Alptekin und wohne in der Stadtmitte. Beruflich bin ich Notfallsanit\u00e4ter und Ausbildungskoordinator im Rettungsdienst.<\/p>\n\n\n\n<p>Mein ehrenamtliches Engagement ist die Unterst\u00fctzung von Hilfsorganisationen im sozialen Bereich<br>Ich als geb\u00fcrtiger Werdohler bin fest davon \u00fcberzeugt, dass unsere Stadt ihr Potenzial noch besser aussch\u00f6pfen kann \u2013 wenn wir mutig anpacken, miteinander reden und gemeinsam gestalten.<\/p>\n\n\n\n<p><br>Mit meiner Kandidatur m\u00f6chte ich daf\u00fcr sorgen, dass unsere Innenstadt wieder ein Ort f\u00fcr alle wird: belebt, sicher, gepflegt \u2013 und voller Lebensqualit\u00e4t.<br>Ich stehe f\u00fcr eine sachliche, b\u00fcrgernahe Politik \u2013 ohne leere Versprechen, daf\u00fcr mit klarer Haltung und offenen Ohren f\u00fcr Ihre Anliegen.<\/p>\n<\/div>\n\n\n\n<div class=\"wp-block-column is-layout-flow wp-block-column-is-layout-flow\" style=\"flex-basis:33.33%\">\n<figure class=\"wp-block-image size-full\"><a href=\"https:\/\/www.spd-werdohl.de\/spd\/wp-content\/uploads\/2025\/07\/SPD-Alptekin.jpg\"><img fetchpriority=\"high\" decoding=\"async\" width=\"500\" height=\"644\" src=\"https:\/\/www.spd-werdohl.de\/spd\/wp-content\/uploads\/2025\/07\/SPD-Alptekin.jpg\" alt=\"\" class=\"wp-image-25515\"\/><\/a><\/figure>\n<\/div>\n<\/div>\n","protected":false},"excerpt":{"rendered":"<p>Ich bin Selattin Alptekin und wohne in der Stadtmitte. Beruflich bin ich Notfallsanit\u00e4ter und Ausbildungskoordinator im Rettungsdienst. Mein ehrenamtliches Engagement ist die Unterst\u00fctzung von Hilfsorganisationen im sozialen BereichIch als geb\u00fcrtiger Werdohler bin fest davon \u00fcberzeugt, dass unsere Stadt ihr Potenzial noch besser aussch\u00f6pfen kann \u2013 wenn wir mutig anpacken, miteinander reden und gemeinsam gestalten. Mit [&hellip;]<\/p>\n","protected":false},"author":1,"featured_media":0,"parent":3,"menu_order":0,"comment_status":"closed","ping_status":"closed","template":"","meta":{"footnotes":""},"class_list":["post-25528","page","type-page","status-publish","hentry","entry"],"_links":{"self":[{"href":"https:\/\/www.spd-werdohl.de\/spd\/wp-json\/wp\/v2\/pages\/25528","targetHints":{"allow":["GET"]}}],"collection":[{"href":"https:\/\/www.spd-werdohl.de\/spd\/wp-json\/wp\/v2\/pages"}],"about":[{"href":"https:\/\/www.spd-werdohl.de\/spd\/wp-json\/wp\/v2\/types\/page"}],"author":[{"embeddable":true,"href":"https:\/\/www.spd-werdohl.de\/spd\/wp-json\/wp\/v2\/users\/1"}],"replies":[{"embeddable":true,"href":"https:\/\/www.spd-werdohl.de\/spd\/wp-json\/wp\/v2\/comments?post=25528"}],"version-history":[{"count":1,"href":"https:\/\/www.spd-werdohl.de\/spd\/wp-json\/wp\/v2\/pages\/25528\/revisions"}],"predecessor-version":[{"id":25529,"href":"https:\/\/www.spd-werdohl.de\/spd\/wp-json\/wp\/v2\/pages\/25528\/revisions\/25529"}],"up":[{"embeddable":true,"href":"https:\/\/www.spd-werdohl.de\/spd\/wp-json\/wp\/v2\/pages\/3"}],"wp:attachment":[{"href":"https:\/\/www.spd-werdohl.de\/spd\/wp-json\/wp\/v2\/media?parent=25528"}],"curies":[{"name":"wp","href":"https:\/\/api.w.org\/{rel}","templated":true}]}}