{"id":25530,"date":"2025-07-29T19:11:04","date_gmt":"2025-07-29T17:11:04","guid":{"rendered":"https:\/\/www.spd-werdohl.de\/spd\/?page_id=25530"},"modified":"2025-07-29T19:29:36","modified_gmt":"2025-07-29T17:29:36","slug":"ali-akdeniz","status":"publish","type":"page","link":"https:\/\/www.spd-werdohl.de\/spd\/partei\/ali-akdeniz\/","title":{"rendered":"Ali Akdeniz"},"content":{"rendered":"\n<div class=\"wp-block-columns is-layout-flex wp-container-core-columns-is-layout-9d6595d7 wp-block-columns-is-layout-flex\">\n<div class=\"wp-block-column is-layout-flow wp-block-column-is-layout-flow\" style=\"flex-basis:66.66%\">\n<p>Ich bin Ali Akdeniz, 61 Jahre alt und in der Innenstadt wohnhaft.<\/p>\n\n\n\n<p><br>Seit 40 Jahren ist Werdohl meine Heimat. Durch meine langj\u00e4hrige Mitarbeit in der SPD-Ratsfraktion und verschiedenen Aussch\u00fcssen habe ich umfassende Einblicke und Erfahrungen gesammelt.<\/p>\n\n\n\n<p><br>Ich setze mich f\u00fcr die F\u00f6rderung des interkulturellen Miteinanders ein, um die Vielfalt in Werdohl als St\u00e4rke zu nutzen. Zudem bin ich seit Jahrzehnten im Vorstand des T\u00fcrkischen Elternvereins (TEV) aktiv.<\/p>\n\n\n\n<p><br>Als leidenschaftliches Mitglied des TSV und FSV ist es mir ein besonderes Anliegen, unsere Sportvereine zu st\u00e4rken und den Breitensport weiter zu f\u00f6rdern, da Sport die Gemeinschaft st\u00e4rkt.<\/p>\n<\/div>\n\n\n\n<div class=\"wp-block-column is-layout-flow wp-block-column-is-layout-flow\" style=\"flex-basis:33.33%\">\n<figure class=\"wp-block-image size-full\"><a href=\"https:\/\/www.spd-werdohl.de\/spd\/wp-content\/uploads\/2025\/07\/SPD-Akdeniz.jpg\"><img fetchpriority=\"high\" decoding=\"async\" width=\"500\" height=\"643\" src=\"https:\/\/www.spd-werdohl.de\/spd\/wp-content\/uploads\/2025\/07\/SPD-Akdeniz.jpg\" alt=\"\" class=\"wp-image-25514\"\/><\/a><\/figure>\n<\/div>\n<\/div>\n","protected":false},"excerpt":{"rendered":"<p>Ich bin Ali Akdeniz, 61 Jahre alt und in der Innenstadt wohnhaft. Seit 40 Jahren ist Werdohl meine Heimat. Durch meine langj\u00e4hrige Mitarbeit in der SPD-Ratsfraktion und verschiedenen Aussch\u00fcssen habe ich umfassende Einblicke und Erfahrungen gesammelt. Ich setze mich f\u00fcr die F\u00f6rderung des interkulturellen Miteinanders ein, um die Vielfalt in Werdohl als St\u00e4rke zu nutzen. [&hellip;]<\/p>\n","protected":false},"author":1,"featured_media":0,"parent":3,"menu_order":0,"comment_status":"closed","ping_status":"closed","template":"","meta":{"footnotes":""},"class_list":["post-25530","page","type-page","status-publish","hentry","entry"],"_links":{"self":[{"href":"https:\/\/www.spd-werdohl.de\/spd\/wp-json\/wp\/v2\/pages\/25530","targetHints":{"allow":["GET"]}}],"collection":[{"href":"https:\/\/www.spd-werdohl.de\/spd\/wp-json\/wp\/v2\/pages"}],"about":[{"href":"https:\/\/www.spd-werdohl.de\/spd\/wp-json\/wp\/v2\/types\/page"}],"author":[{"embeddable":true,"href":"https:\/\/www.spd-werdohl.de\/spd\/wp-json\/wp\/v2\/users\/1"}],"replies":[{"embeddable":true,"href":"https:\/\/www.spd-werdohl.de\/spd\/wp-json\/wp\/v2\/comments?post=25530"}],"version-history":[{"count":1,"href":"https:\/\/www.spd-werdohl.de\/spd\/wp-json\/wp\/v2\/pages\/25530\/revisions"}],"predecessor-version":[{"id":25531,"href":"https:\/\/www.spd-werdohl.de\/spd\/wp-json\/wp\/v2\/pages\/25530\/revisions\/25531"}],"up":[{"embeddable":true,"href":"https:\/\/www.spd-werdohl.de\/spd\/wp-json\/wp\/v2\/pages\/3"}],"wp:attachment":[{"href":"https:\/\/www.spd-werdohl.de\/spd\/wp-json\/wp\/v2\/media?parent=25530"}],"curies":[{"name":"wp","href":"https:\/\/api.w.org\/{rel}","templated":true}]}}