{"id":25535,"date":"2025-07-29T19:22:17","date_gmt":"2025-07-29T17:22:17","guid":{"rendered":"https:\/\/www.spd-werdohl.de\/spd\/?page_id=25535"},"modified":"2025-07-29T19:29:32","modified_gmt":"2025-07-29T17:29:32","slug":"jan-vidal-canas","status":"publish","type":"page","link":"https:\/\/www.spd-werdohl.de\/spd\/partei\/jan-vidal-canas\/","title":{"rendered":"Jan Vidal Canas"},"content":{"rendered":"\n<div class=\"wp-block-columns is-layout-flex wp-container-core-columns-is-layout-9d6595d7 wp-block-columns-is-layout-flex\">\n<div class=\"wp-block-column is-layout-flow wp-block-column-is-layout-flow\" style=\"flex-basis:66.66%\">\n<p>Ich bin Jan Vidal Canas, 33 Jahre alt und wohnhaft in der Innenstadt, Rechtsanwalt in L\u00fcdenscheid und seit Nov. 2020 Ratsmitglied.<\/p>\n\n\n\n<p><br>Die Einwohnerinnen und Einwohner st\u00e4rker in politische Entscheidungsprozesse einzubinden, ist von entscheidender Bedeutung. Mein Ziel ist eine umfassende B\u00fcrgerbeteiligung, bei der die Stimmen unserer B\u00fcrgerinnen und B\u00fcrger geh\u00f6rt und ber\u00fccksichtigt werden.<br><\/p>\n\n\n\n<p>Besonderes Augenmerk liegt dabei auf unseren Schulen und KITAS. Hier werde ich mich pers\u00f6nlich daf\u00fcr einsetzen, dass Eltern, Lehrkr\u00e4fte und Erzieherinnen aktiv in die Gestaltung und Entwicklung dieser wichtigen Einrichtungen eingebunden werden, denn sie sind die Basis f\u00fcr die Zukunft unserer Kinder.<\/p>\n<\/div>\n\n\n\n<div class=\"wp-block-column is-layout-flow wp-block-column-is-layout-flow\" style=\"flex-basis:33.33%\">\n<figure class=\"wp-block-image size-full\"><a href=\"https:\/\/www.spd-werdohl.de\/spd\/wp-content\/uploads\/2025\/07\/SPD-Vidal-Canas.jpg\"><img fetchpriority=\"high\" decoding=\"async\" width=\"778\" height=\"1000\" src=\"https:\/\/www.spd-werdohl.de\/spd\/wp-content\/uploads\/2025\/07\/SPD-Vidal-Canas.jpg\" alt=\"\" class=\"wp-image-25526\" srcset=\"https:\/\/www.spd-werdohl.de\/spd\/wp-content\/uploads\/2025\/07\/SPD-Vidal-Canas.jpg 778w, https:\/\/www.spd-werdohl.de\/spd\/wp-content\/uploads\/2025\/07\/SPD-Vidal-Canas-768x987.jpg 768w\" sizes=\"(max-width: 778px) 100vw, 778px\" \/><\/a><\/figure>\n<\/div>\n<\/div>\n","protected":false},"excerpt":{"rendered":"<p>Ich bin Jan Vidal Canas, 33 Jahre alt und wohnhaft in der Innenstadt, Rechtsanwalt in L\u00fcdenscheid und seit Nov. 2020 Ratsmitglied. Die Einwohnerinnen und Einwohner st\u00e4rker in politische Entscheidungsprozesse einzubinden, ist von entscheidender Bedeutung. Mein Ziel ist eine umfassende B\u00fcrgerbeteiligung, bei der die Stimmen unserer B\u00fcrgerinnen und B\u00fcrger geh\u00f6rt und ber\u00fccksichtigt werden. Besonderes Augenmerk liegt [&hellip;]<\/p>\n","protected":false},"author":1,"featured_media":0,"parent":3,"menu_order":0,"comment_status":"closed","ping_status":"closed","template":"","meta":{"footnotes":""},"class_list":["post-25535","page","type-page","status-publish","hentry","entry"],"_links":{"self":[{"href":"https:\/\/www.spd-werdohl.de\/spd\/wp-json\/wp\/v2\/pages\/25535","targetHints":{"allow":["GET"]}}],"collection":[{"href":"https:\/\/www.spd-werdohl.de\/spd\/wp-json\/wp\/v2\/pages"}],"about":[{"href":"https:\/\/www.spd-werdohl.de\/spd\/wp-json\/wp\/v2\/types\/page"}],"author":[{"embeddable":true,"href":"https:\/\/www.spd-werdohl.de\/spd\/wp-json\/wp\/v2\/users\/1"}],"replies":[{"embeddable":true,"href":"https:\/\/www.spd-werdohl.de\/spd\/wp-json\/wp\/v2\/comments?post=25535"}],"version-history":[{"count":1,"href":"https:\/\/www.spd-werdohl.de\/spd\/wp-json\/wp\/v2\/pages\/25535\/revisions"}],"predecessor-version":[{"id":25536,"href":"https:\/\/www.spd-werdohl.de\/spd\/wp-json\/wp\/v2\/pages\/25535\/revisions\/25536"}],"up":[{"embeddable":true,"href":"https:\/\/www.spd-werdohl.de\/spd\/wp-json\/wp\/v2\/pages\/3"}],"wp:attachment":[{"href":"https:\/\/www.spd-werdohl.de\/spd\/wp-json\/wp\/v2\/media?parent=25535"}],"curies":[{"name":"wp","href":"https:\/\/api.w.org\/{rel}","templated":true}]}}