{"id":25551,"date":"2025-07-29T19:46:46","date_gmt":"2025-07-29T17:46:46","guid":{"rendered":"https:\/\/www.spd-werdohl.de\/spd\/?page_id=25551"},"modified":"2025-07-29T19:46:46","modified_gmt":"2025-07-29T17:46:46","slug":"markus-schulte","status":"publish","type":"page","link":"https:\/\/www.spd-werdohl.de\/spd\/partei\/markus-schulte\/","title":{"rendered":"Markus Schulte"},"content":{"rendered":"\n<div class=\"wp-block-columns is-layout-flex wp-container-core-columns-is-layout-9d6595d7 wp-block-columns-is-layout-flex\">\n<div class=\"wp-block-column is-layout-flow wp-block-column-is-layout-flow\" style=\"flex-basis:66.66%\">\n<p>Ich bin Markus Schulte, 34 Jahre alt und wohne im Versetal.<br><br>F\u00fcr Pungelscheid und Werdohl \u00fcbernehme ich entschlossen Verantwortung und setze mich mit Nachdruck f\u00fcr unsere Stadt ein. Trotz finanzieller Herausforderungen packe ich die Themen an, die uns alle bewegen: die Sicherung von Bildung und Betreuung, die Belebung unserer Innenstadt und Wirtschaft, die Verbesserung von Verkehr und Mobilit\u00e4t, die F\u00f6rderung lebenswerter Stadtteile und einen pragmatischen Klimaschutz.<br><br>Mein klares Ziel ist es, die Lebensqualit\u00e4t zu steigern und Werdohls Potenzial gemeinsam mit Ihnen zu entfalten. Wir bleiben fokussiert am Ball!<\/p>\n<\/div>\n\n\n\n<div class=\"wp-block-column is-layout-flow wp-block-column-is-layout-flow\" style=\"flex-basis:33.33%\">\n<figure class=\"wp-block-image size-full\"><a href=\"https:\/\/www.spd-werdohl.de\/spd\/wp-content\/uploads\/2025\/07\/SPD-Schulte.jpg\"><img fetchpriority=\"high\" decoding=\"async\" width=\"774\" height=\"924\" src=\"https:\/\/www.spd-werdohl.de\/spd\/wp-content\/uploads\/2025\/07\/SPD-Schulte.jpg\" alt=\"\" class=\"wp-image-25524\" srcset=\"https:\/\/www.spd-werdohl.de\/spd\/wp-content\/uploads\/2025\/07\/SPD-Schulte.jpg 774w, https:\/\/www.spd-werdohl.de\/spd\/wp-content\/uploads\/2025\/07\/SPD-Schulte-768x917.jpg 768w\" sizes=\"(max-width: 774px) 100vw, 774px\" \/><\/a><\/figure>\n<\/div>\n<\/div>\n","protected":false},"excerpt":{"rendered":"<p>Ich bin Markus Schulte, 34 Jahre alt und wohne im Versetal. F\u00fcr Pungelscheid und Werdohl \u00fcbernehme ich entschlossen Verantwortung und setze mich mit Nachdruck f\u00fcr unsere Stadt ein. Trotz finanzieller Herausforderungen packe ich die Themen an, die uns alle bewegen: die Sicherung von Bildung und Betreuung, die Belebung unserer Innenstadt und Wirtschaft, die Verbesserung von [&hellip;]<\/p>\n","protected":false},"author":1,"featured_media":0,"parent":3,"menu_order":0,"comment_status":"closed","ping_status":"closed","template":"","meta":{"footnotes":""},"class_list":["post-25551","page","type-page","status-publish","hentry","entry"],"_links":{"self":[{"href":"https:\/\/www.spd-werdohl.de\/spd\/wp-json\/wp\/v2\/pages\/25551","targetHints":{"allow":["GET"]}}],"collection":[{"href":"https:\/\/www.spd-werdohl.de\/spd\/wp-json\/wp\/v2\/pages"}],"about":[{"href":"https:\/\/www.spd-werdohl.de\/spd\/wp-json\/wp\/v2\/types\/page"}],"author":[{"embeddable":true,"href":"https:\/\/www.spd-werdohl.de\/spd\/wp-json\/wp\/v2\/users\/1"}],"replies":[{"embeddable":true,"href":"https:\/\/www.spd-werdohl.de\/spd\/wp-json\/wp\/v2\/comments?post=25551"}],"version-history":[{"count":1,"href":"https:\/\/www.spd-werdohl.de\/spd\/wp-json\/wp\/v2\/pages\/25551\/revisions"}],"predecessor-version":[{"id":25552,"href":"https:\/\/www.spd-werdohl.de\/spd\/wp-json\/wp\/v2\/pages\/25551\/revisions\/25552"}],"up":[{"embeddable":true,"href":"https:\/\/www.spd-werdohl.de\/spd\/wp-json\/wp\/v2\/pages\/3"}],"wp:attachment":[{"href":"https:\/\/www.spd-werdohl.de\/spd\/wp-json\/wp\/v2\/media?parent=25551"}],"curies":[{"name":"wp","href":"https:\/\/api.w.org\/{rel}","templated":true}]}}