{"id":25557,"date":"2025-07-29T19:52:49","date_gmt":"2025-07-29T17:52:49","guid":{"rendered":"https:\/\/www.spd-werdohl.de\/spd\/?page_id=25557"},"modified":"2025-07-29T19:52:49","modified_gmt":"2025-07-29T17:52:49","slug":"michael-koch","status":"publish","type":"page","link":"https:\/\/www.spd-werdohl.de\/spd\/partei\/michael-koch\/","title":{"rendered":"Michael Koch"},"content":{"rendered":"\n<div class=\"wp-block-columns is-layout-flex wp-container-core-columns-is-layout-9d6595d7 wp-block-columns-is-layout-flex\">\n<div class=\"wp-block-column is-layout-flow wp-block-column-is-layout-flow\" style=\"flex-basis:66.66%\">\n<p>Ich bin Michael Koch, 59 Jahre alt \u2013 beruflich Sachbearbeiter, mit ganzem Herzen Schwerbehindertenvertreter. Ehrenamtlicher Richter aus \u00dcberzeugung.<br><br>Ich werde mich in Werdohl darauf konzentrieren, den Menschen wirklich zuzuh\u00f6ren und ihre Lebensrealit\u00e4t in den Mittelpunkt zu stellen, statt nur Zahlen abzunicken. Besonders werde ich Familien, Jugend und Bildung st\u00e4rken, f\u00fcr gute Schulen und sichere Wege sorgen. Ich werde mich f\u00fcr Arbeit mit W\u00fcrde einsetzen, Inklusion f\u00f6rdern und f\u00fcr mehr Respekt in der Arbeitswelt k\u00e4mpfen.<br><br>Barrierefreiheit und soziale Teilhabe werde ich durch kleine, aber wirkungsvolle \u00c4nderungen voranbringen. Meine Politik wird Mut machen, indem ich Klartext spreche, nah bei den Menschen bin und Haltung zeige.<\/p>\n<\/div>\n\n\n\n<div class=\"wp-block-column is-layout-flow wp-block-column-is-layout-flow\" style=\"flex-basis:33.33%\">\n<figure class=\"wp-block-image size-full\"><a href=\"https:\/\/www.spd-werdohl.de\/spd\/wp-content\/uploads\/2025\/07\/SPD-Koch.jpg\"><img fetchpriority=\"high\" decoding=\"async\" width=\"778\" height=\"1000\" src=\"https:\/\/www.spd-werdohl.de\/spd\/wp-content\/uploads\/2025\/07\/SPD-Koch.jpg\" alt=\"\" class=\"wp-image-25521\" srcset=\"https:\/\/www.spd-werdohl.de\/spd\/wp-content\/uploads\/2025\/07\/SPD-Koch.jpg 778w, https:\/\/www.spd-werdohl.de\/spd\/wp-content\/uploads\/2025\/07\/SPD-Koch-768x987.jpg 768w\" sizes=\"(max-width: 778px) 100vw, 778px\" \/><\/a><\/figure>\n<\/div>\n<\/div>\n","protected":false},"excerpt":{"rendered":"<p>Ich bin Michael Koch, 59 Jahre alt \u2013 beruflich Sachbearbeiter, mit ganzem Herzen Schwerbehindertenvertreter. Ehrenamtlicher Richter aus \u00dcberzeugung. Ich werde mich in Werdohl darauf konzentrieren, den Menschen wirklich zuzuh\u00f6ren und ihre Lebensrealit\u00e4t in den Mittelpunkt zu stellen, statt nur Zahlen abzunicken. Besonders werde ich Familien, Jugend und Bildung st\u00e4rken, f\u00fcr gute Schulen und sichere Wege [&hellip;]<\/p>\n","protected":false},"author":1,"featured_media":0,"parent":3,"menu_order":0,"comment_status":"closed","ping_status":"closed","template":"","meta":{"footnotes":""},"class_list":["post-25557","page","type-page","status-publish","hentry","entry"],"_links":{"self":[{"href":"https:\/\/www.spd-werdohl.de\/spd\/wp-json\/wp\/v2\/pages\/25557","targetHints":{"allow":["GET"]}}],"collection":[{"href":"https:\/\/www.spd-werdohl.de\/spd\/wp-json\/wp\/v2\/pages"}],"about":[{"href":"https:\/\/www.spd-werdohl.de\/spd\/wp-json\/wp\/v2\/types\/page"}],"author":[{"embeddable":true,"href":"https:\/\/www.spd-werdohl.de\/spd\/wp-json\/wp\/v2\/users\/1"}],"replies":[{"embeddable":true,"href":"https:\/\/www.spd-werdohl.de\/spd\/wp-json\/wp\/v2\/comments?post=25557"}],"version-history":[{"count":1,"href":"https:\/\/www.spd-werdohl.de\/spd\/wp-json\/wp\/v2\/pages\/25557\/revisions"}],"predecessor-version":[{"id":25558,"href":"https:\/\/www.spd-werdohl.de\/spd\/wp-json\/wp\/v2\/pages\/25557\/revisions\/25558"}],"up":[{"embeddable":true,"href":"https:\/\/www.spd-werdohl.de\/spd\/wp-json\/wp\/v2\/pages\/3"}],"wp:attachment":[{"href":"https:\/\/www.spd-werdohl.de\/spd\/wp-json\/wp\/v2\/media?parent=25557"}],"curies":[{"name":"wp","href":"https:\/\/api.w.org\/{rel}","templated":true}]}}