{"id":3,"date":"2008-09-05T19:57:32","date_gmt":"2008-09-05T17:57:32","guid":{"rendered":"http:\/\/www.spd-werdohl.de\/spd\/?page_id=3"},"modified":"2025-12-04T20:00:10","modified_gmt":"2025-12-04T18:00:10","slug":"partei","status":"publish","type":"page","link":"https:\/\/www.spd-werdohl.de\/spd\/partei\/","title":{"rendered":"Partei"},"content":{"rendered":"\t\t<div data-elementor-type=\"wp-post\" data-elementor-id=\"3\" class=\"elementor elementor-3\">\n\t\t\t\t\t\t<section class=\"elementor-section elementor-top-section elementor-element elementor-element-c769ff8 elementor-section-boxed elementor-section-height-default elementor-section-height-default\" data-id=\"c769ff8\" data-element_type=\"section\" data-e-type=\"section\">\n\t\t\t\t\t\t<div class=\"elementor-container elementor-column-gap-default\">\n\t\t\t\t\t<div class=\"elementor-column elementor-col-100 elementor-top-column elementor-element elementor-element-0565da5\" data-id=\"0565da5\" data-element_type=\"column\" data-e-type=\"column\">\n\t\t\t<div class=\"elementor-widget-wrap elementor-element-populated\">\n\t\t\t\t\t\t<div class=\"elementor-element elementor-element-c4ccaef elementor-widget elementor-widget-text-editor\" data-id=\"c4ccaef\" data-element_type=\"widget\" data-e-type=\"widget\" data-widget_type=\"text-editor.default\">\n\t\t\t\t<div class=\"elementor-widget-container\">\n\t\t\t\t\t\t\t\t\t<h4><span style=\"color: #000000;\">\u201eNichts kommt von selbst. Und nur wenig ist von Dauer. Darum \u2013 besinnt Euch auf Eure Kraft und darauf, dass jede Zeit eigene Antworten will und man auf ihrer H\u00f6he zu sein hat, wenn Gutes bewirkt werden soll.\u201c<\/span><\/h4><p><span style=\"color: #000000;\">\u2014 Willy Brandt<\/span><br \/><br \/><\/p><p><span style=\"color: #000000;\">Johannes Rau hat seine Partei, die SPD, mal als die Partei der K\u00fcmmerer bezeichnet. Die Werdohler SPD versteht sich ebenfalls als K\u00fcmmerer, deshalb unser Slogan &#8222;Wir k\u00fcmmern uns&#8220;. Es soll jedoch nicht nur ein Slogan sein. Kommunalpolitik lebt vom Kontakt zu B\u00fcrgerinnen und B\u00fcrgern. Jeder Kontakt ist uns wichtig. Lob f\u00fcr unsere Arbeit hier vor Ort aber auch Kritik ist willkommen. Anregungen zu aktuellen Themen oder Hinweise wo etwas nicht in Ordnung ist, wo wir uns k\u00fcmmern m\u00fcssen k\u00f6nnen an die Ratsmitglieder der SPD gegeben werden. Ebenso steht Ihnen der gesamte Vorstand der SPD zur Verf\u00fcgung sich zu k\u00fcmmern.<\/span><\/p><p><span style=\"color: #000000;\">Nutzen Sie auch diese Seite f\u00fcr Ihre Anregungen.<\/span><\/p><p><span style=\"color: #000000;\">Nehmen Sie uns beim Wort: &#8222;Wir k\u00fcmmern uns!&#8220;<\/span><\/p>\t\t\t\t\t\t\t\t<\/div>\n\t\t\t\t<\/div>\n\t\t\t\t<div class=\"elementor-element elementor-element-fde41eb elementor-widget elementor-widget-text-editor\" data-id=\"fde41eb\" data-element_type=\"widget\" data-e-type=\"widget\" data-widget_type=\"text-editor.default\">\n\t\t\t\t<div class=\"elementor-widget-container\">\n\t\t\t\t\t\t\t\t\t<h5>Der Vorstand:<\/h5><p><span style=\"text-decoration: underline;\">Vorsitzender:<\/span><br \/>Bj\u00f6rn Walocha<\/p><p><span style=\"text-decoration: underline;\">stellv. Vorsitzender:<\/span><br \/>Selattin Alptekin<\/p><p><span style=\"text-decoration: underline;\">Kassiererin:<\/span><br \/>Marion Gierse<\/p><p><span style=\"text-decoration: underline;\">Schriftf\u00fchrer:<\/span><br \/>Jan Vidal Canas<\/p><p><span style=\"text-decoration: underline;\">Beisitzer:<\/span><br \/>Heike Mycer<br \/>Jannis Schupp<br \/>Mortiz Simon Dickopf<\/p><p><span style=\"text-decoration: underline;\">Beratende Mitglieder:<br \/><\/span>n.n<\/p>\t\t\t\t\t\t\t\t<\/div>\n\t\t\t\t<\/div>\n\t\t\t\t\t<\/div>\n\t\t<\/div>\n\t\t\t\t\t<\/div>\n\t\t<\/section>\n\t\t\t\t<\/div>\n\t\t","protected":false},"excerpt":{"rendered":"<p>\u201eNichts kommt von selbst. Und nur wenig ist von Dauer. Darum \u2013 besinnt Euch auf Eure Kraft und darauf, dass jede Zeit eigene Antworten will und man auf ihrer H\u00f6he zu sein hat, wenn Gutes bewirkt werden soll.\u201c \u2014 Willy Brandt Johannes Rau hat seine Partei, die SPD, mal als die Partei der K\u00fcmmerer bezeichnet. [&hellip;]<\/p>\n","protected":false},"author":17,"featured_media":4068,"parent":0,"menu_order":5,"comment_status":"closed","ping_status":"closed","template":"","meta":{"footnotes":""},"class_list":["post-3","page","type-page","status-publish","has-post-thumbnail","hentry","entry","has-media"],"_links":{"self":[{"href":"https:\/\/www.spd-werdohl.de\/spd\/wp-json\/wp\/v2\/pages\/3","targetHints":{"allow":["GET"]}}],"collection":[{"href":"https:\/\/www.spd-werdohl.de\/spd\/wp-json\/wp\/v2\/pages"}],"about":[{"href":"https:\/\/www.spd-werdohl.de\/spd\/wp-json\/wp\/v2\/types\/page"}],"author":[{"embeddable":true,"href":"https:\/\/www.spd-werdohl.de\/spd\/wp-json\/wp\/v2\/users\/17"}],"replies":[{"embeddable":true,"href":"https:\/\/www.spd-werdohl.de\/spd\/wp-json\/wp\/v2\/comments?post=3"}],"version-history":[{"count":62,"href":"https:\/\/www.spd-werdohl.de\/spd\/wp-json\/wp\/v2\/pages\/3\/revisions"}],"predecessor-version":[{"id":25712,"href":"https:\/\/www.spd-werdohl.de\/spd\/wp-json\/wp\/v2\/pages\/3\/revisions\/25712"}],"wp:featuredmedia":[{"embeddable":true,"href":"https:\/\/www.spd-werdohl.de\/spd\/wp-json\/wp\/v2\/media\/4068"}],"wp:attachment":[{"href":"https:\/\/www.spd-werdohl.de\/spd\/wp-json\/wp\/v2\/media?parent=3"}],"curies":[{"name":"wp","href":"https:\/\/api.w.org\/{rel}","templated":true}]}}