{"id":4914,"date":"2020-06-12T17:04:21","date_gmt":"2020-06-12T15:04:21","guid":{"rendered":"http:\/\/www.spd-werdohl.de\/spd\/?page_id=4914"},"modified":"2020-08-17T21:41:33","modified_gmt":"2020-08-17T19:41:33","slug":"unsere-stadt","status":"publish","type":"page","link":"https:\/\/www.spd-werdohl.de\/spd\/werdohl-kann-mehr\/unsere-stadt\/","title":{"rendered":"Unsere Stadt"},"content":{"rendered":"\t\t<div data-elementor-type=\"wp-page\" data-elementor-id=\"4914\" class=\"elementor elementor-4914\">\n\t\t\t\t\t\t<section class=\"elementor-section elementor-top-section elementor-element elementor-element-4f87d37 elementor-section-boxed elementor-section-height-default elementor-section-height-default\" data-id=\"4f87d37\" data-element_type=\"section\" data-e-type=\"section\">\n\t\t\t\t\t\t<div class=\"elementor-container elementor-column-gap-default\">\n\t\t\t\t\t<div class=\"elementor-column elementor-col-100 elementor-top-column elementor-element elementor-element-035f166\" data-id=\"035f166\" data-element_type=\"column\" data-e-type=\"column\">\n\t\t\t<div class=\"elementor-widget-wrap elementor-element-populated\">\n\t\t\t\t\t\t<div class=\"elementor-element elementor-element-5ed63e1 elementor-widget elementor-widget-text-editor\" data-id=\"5ed63e1\" data-element_type=\"widget\" data-e-type=\"widget\" data-widget_type=\"text-editor.default\">\n\t\t\t\t<div class=\"elementor-widget-container\">\n\t\t\t\t\t\t\t\t\t<h4>Unsere Stadt<\/h4>\n<p>Wir leben in einer wundersch\u00f6nen Stadt. Es lohnt sich, sich f\u00fcr sie zu engagieren. Ob Feuerwehr, Heimat- und Geschichtsverein, Kleines Kulturforum oder B\u00fcrgerstammtisch \u2013 viele Menschen tun das bereits in vorbildlicher, vielf\u00e4ltiger und kreativer Weise. Hier bringen sich so viele B\u00fcrger ein, dass diese Auflistung nicht vollst\u00e4ndig sein kann.<br>Die SPD bedankt sich f\u00fcr dieses ehrenamtliche Engagement und wird es weiterhin f\u00f6rdern sowie st\u00e4rken. Nur so bleibt Werdohl liebens- und lebenswert!<br>Bringen Sie sich bei uns ein. Diskutieren Sie politisch mit. Die SPD wird Ihnen ihre Entscheidungen stets erkl\u00e4ren.<br>Wir werden dabei auch neue Wege gehen, um Sie zu informieren.<br>Die Kandidaten, die die SPD bei der Kommunalwahl ins Rennen schickt, kombinieren Erfahrung und Neugier. Nehmen Sie bei Fragen und Anregungen gerne Kontakt mit uns auf!<br>Bitte geben Sie uns Ihre Stimme bei der Kommunalwahl.<\/p>\n<h4>&nbsp;<\/h4>\n<h4>Integration<\/h4>\n<p>Unsere Stadt kann stolz sein auf ihre Vielfalt. Menschen mit Migrationshintergrund leben teils schon in der vierten Generation hier. Die Frage \u201eWoher kommst Du?\u201c beantworten sie selbstverst\u00e4ndlich mit \u201eAus Werdohl.\u201c Denn das ist ihre Heimat!<br>Werdohl ist offen f\u00fcr Menschen, die zuwandern. Sie sind hier willkommen.<br>Eine umfassende Teilhabe und Chancengleichheit sind ein Anliegen der SPD. Wertsch\u00e4tzung anderer ist tief im Selbstverst\u00e4ndnis unserer Politik verankert.<br>Jeder Mensch soll seine individuellen Kompetenzen ins Miteinander-Leben einbringen. Eine offene, positive Einstellung ist unverzichtbar f\u00fcr die Zukunftsf\u00e4higkeit unserer Gesellschaft.<br>Ganz gleich, welche Religion, welche Kultur, welche Sprache \u2013 wir sind alle Werdohler. Unsere Unterschiede bereichern die Stadt.<\/p>\n<h4>Bildung, Erziehung<\/h4>\n<p>Soziale Gerechtigkeit bei der Bildung bleibt eine sozialdemokratische Hauptaufgabe. Unterschiedliche Kulturen bereichern unser Leben. Gute Bildung ist jedoch vom Beherrschen unserer Sprache nicht zu trennen. Das ist in Werdohl von spezieller Bedeutung.<br>Die Ausbildung unserer Kinder sichert unsere Zukunft. Unsere Familienzentren, Kindertagesst\u00e4tten und Schulen leisten bereits eine lobenswerte Betreuungs- und Erziehungsarbeit. Die Einbeziehung der Herkunftskultur von Migranten in die p\u00e4dagogische Arbeit bietet die M\u00f6glichkeit der Anerkennung von Verschiedenheit durch Begegnung in allt\u00e4glichen Erfahrungen schon von Kindesbeinen an.<br>Unterst\u00fctzende Schulsozialarbeit sowie p\u00e4dagogische Betreuung und F\u00f6rderung der Offenen Ganztagsschulen bis 16 Uhr erleichtern Eltern eine berufliche T\u00e4tigkeit. Absolventen der Werdohler Schulen werden seit Generationen gut auf die Berufswelt vorbereitet.<br>Gerade f\u00fcr \u00e4ltere Mitb\u00fcrger leistet dar\u00fcber hinaus die Volkshochschule Lennetal hervorragende Arbeit. Durch diese werden Vielseitigkeit und Kreativit\u00e4t ebenso gef\u00f6rdert, wie durch die Angebote der Musikschule. Auch die Stadtb\u00fccherei leistet ihren Beitrag dazu, damit f\u00fcr unsere Kinder und Jugendliche ein attraktives Angebot pr\u00e4sentiert werden kann.<\/p>\n<h4>Finanzen<\/h4>\n<p>Der Konsolidierungskurs ist eine Aufgabe, deren Bew\u00e4ltigung f\u00fcr die Zukunft unserer Stadt und die folgenden Generationen unabdingbar ist. Einer weiteren Belastung der B\u00fcrger wird die SPD nicht mittragen!<br>Alle Parteien im Rat entschieden sich einstimmig f\u00fcr den Beitritt zum St\u00e4rkungspakt, um finanzielle Unterst\u00fctzung vom Land zu erhalten.<br>Der SPD ist die Zustimmung zu vielen Ma\u00dfnahmen nicht leichtgefallen, dennoch war uns die Notwendigkeit stets bewusst. Wir erreichten aber, dass Kinder und Jugendliche von den Sparma\u00dfnahmen unber\u00fchrt blieben und dass die Belastungen gleichm\u00e4\u00dfig verteilt wurden.<\/p>\n<h4>Kultur, Sport, Tourismus<\/h4>\n<p>Ein vielf\u00e4ltiges, lebendiges kulturelles Angebot ist ein wesentlicher Faktor unserer Stadt. Die zahlreichen Vereine und Gruppierungen sorgen f\u00fcr einen spannenden Veranstaltungskalender. Die SPD f\u00f6rdert diese privaten Initiativen und wird die Unterst\u00fctzung dieser Kulturarbeit erweitern.<br>Die Sportvereine sind das soziale R\u00fcckgrat der Stadt. Uns Werdohlern bieten sich unz\u00e4hlige Freizeitm\u00f6glichkeiten.<br>Ehrenamtliches Engagement, gerade auch im Kinder- und Jugendbereich, wird die SPD st\u00e4rken, und verst\u00e4rkt auf das Wissen der vielen ehrenamtlichen T\u00e4tigen in unserer Stadt zur\u00fcckgreifen.<br>Nicht nur auf der Lenneroute will die SPD das Recht der Radfahrer st\u00e4rken. Auch der Skulpturen- und Naturlehrweg an der Lenne wirkt anziehend auf Touristen. Die SPD wird sich daf\u00fcr einsetzen, unser Werdohl ins Blickfeld der Menschen aus der Region und dar\u00fcber hinauszur\u00fccken.<br>Auch \u00fcber einen Ausbau und einer Attraktivit\u00e4tssteigerung des Wohnmobilplatzes am Westpark sollte nachgedacht werden.<\/p>\n<h4>Wohnen und Zusammenleben<\/h4>\n<p>Werdohl bietet und ist umgeben von Natur \u2013 eine Region, eine Stadt, in der wir gerne leben. Hier f\u00fchlen wir uns wohl. Die N\u00e4he zu Ruhrgebiet und Rheinland bietet die Vorteile gro\u00dfst\u00e4dtischen Lebens. Gleichzeitig genie\u00dfen wir die Pluspunkte einer l\u00e4ndlichen Umgebung. Die SPD wird sich vehement f\u00fcr den Erhalt dieses Umfeldes einsetzen und weiter gegen das Gewerbegebiet Rosmart II aussprechen.<br>Der Wohnraum in unserer Stadt ist bezahlbar. Die Werdohler Wohnungsgesellschaft (Woge) arbeitet innovativ und kreativ. Sie sieht ihre Arbeit als einen Teil der zukunftsorientierten Stadtentwicklung. Das unterst\u00fctzt die SPD ausdr\u00fccklich.<br>Nicht nur die Innenstadt entwickelt sich positiv: das Stadtumbaugebiet \u00dctterlingsen und das Neubaugebiet D\u00fcsternsiepen seien als weitere herausragende Beispiele genannt.&nbsp; Nun m\u00fcssen auch die restlichen Ortsteile profitieren.<br>Die Stadt bietet Lebensraum und Arbeit f\u00fcr Jung und Alt.<br>Familien finden in Werdohl gut ausgestattete Kindertagesst\u00e4tten. Die schulische Bildung reicht von der Grundschule bis zum Abitur. Einige Werdohler Firmen bieten ein Verbundstudium an.<br>Seniorengerechter Wohnraum unterst\u00fctzt diese Entwicklung. Die demo-grafische Entwicklung sehen wir als Chance.<br>Viele verschiedene Frauen und M\u00e4nner mit unterschiedlichen Biografien aus vielen L\u00e4ndern machen die SPD stolz auf die Menschen hier.<\/p>\n<h4>Gesundheit<\/h4>\n<p>Die Stadtklinik bietet Werdohlern und anderen Menschen eine gesundheitliche Grund- und Notfallversorgung. Die chirurgische und die internistische Abteilung sowie die Abteilung f\u00fcr Akutmedizin und Fr\u00fchrehabilitation der Stadtklinik leisten hervorragende und hochspezialisierte Arbeit mit modernen Behandlungs- und Operationsmethoden.<br>Der ehrenamtlich organisierte F\u00f6rderverein bringt sich in das Geschehen der Stadtklinik und des Seniorenzentrums ein. Gr\u00fcne Damen und Herren, sowie der Patientenf\u00fcrsprecher \u00fcbernehmen soziale Aufgaben.<br>Krankenh\u00e4user in anderen St\u00e4dten m\u00fcssen geschlossen werden. Die SPD setzt sich in Werdohl daf\u00fcr ein, dass die Klinik erhalten bleibt, ja sogar vielleicht zu einem Gesundheitszentrum ausgebaut wird. Klinik und in Werdohl niedergelassene \u00c4rzte sollten sich k\u00fcnftig als eine Einheit betrachten.<br>Die besonderen Herausforderungen im l\u00e4ndlichen Raum im Hinblick auf die medizinische Versorgung der Menschen wird die SPD gemeinsam mit anderen Kommunen und dem M\u00e4rkischen Kreis aktiv bew\u00e4ltigen. Gezielt sollen so junge \u00c4rzte ins Sauerland geholt werden, \u00fcber deren Ansiedlungswerben man neu nachdenken sollte.<\/p>\t\t\t\t\t\t\t\t<\/div>\n\t\t\t\t<\/div>\n\t\t\t\t\t<\/div>\n\t\t<\/div>\n\t\t\t\t\t<\/div>\n\t\t<\/section>\n\t\t\t\t<\/div>\n\t\t","protected":false},"excerpt":{"rendered":"<p>Unsere Stadt Wir leben in einer wundersch\u00f6nen Stadt. Es lohnt sich, sich f\u00fcr sie zu engagieren. Ob Feuerwehr, Heimat- und Geschichtsverein, Kleines Kulturforum oder B\u00fcrgerstammtisch \u2013 viele Menschen tun das bereits in vorbildlicher, vielf\u00e4ltiger und kreativer Weise. Hier bringen sich so viele B\u00fcrger ein, dass diese Auflistung nicht vollst\u00e4ndig sein kann.Die SPD bedankt sich f\u00fcr [&hellip;]<\/p>\n","protected":false},"author":1,"featured_media":0,"parent":4820,"menu_order":0,"comment_status":"closed","ping_status":"closed","template":"","meta":{"footnotes":""},"class_list":["post-4914","page","type-page","status-publish","hentry","entry"],"_links":{"self":[{"href":"https:\/\/www.spd-werdohl.de\/spd\/wp-json\/wp\/v2\/pages\/4914","targetHints":{"allow":["GET"]}}],"collection":[{"href":"https:\/\/www.spd-werdohl.de\/spd\/wp-json\/wp\/v2\/pages"}],"about":[{"href":"https:\/\/www.spd-werdohl.de\/spd\/wp-json\/wp\/v2\/types\/page"}],"author":[{"embeddable":true,"href":"https:\/\/www.spd-werdohl.de\/spd\/wp-json\/wp\/v2\/users\/1"}],"replies":[{"embeddable":true,"href":"https:\/\/www.spd-werdohl.de\/spd\/wp-json\/wp\/v2\/comments?post=4914"}],"version-history":[{"count":5,"href":"https:\/\/www.spd-werdohl.de\/spd\/wp-json\/wp\/v2\/pages\/4914\/revisions"}],"predecessor-version":[{"id":5152,"href":"https:\/\/www.spd-werdohl.de\/spd\/wp-json\/wp\/v2\/pages\/4914\/revisions\/5152"}],"up":[{"embeddable":true,"href":"https:\/\/www.spd-werdohl.de\/spd\/wp-json\/wp\/v2\/pages\/4820"}],"wp:attachment":[{"href":"https:\/\/www.spd-werdohl.de\/spd\/wp-json\/wp\/v2\/media?parent=4914"}],"curies":[{"name":"wp","href":"https:\/\/api.w.org\/{rel}","templated":true}]}}